{"id":111,"date":"2023-11-01T13:57:02","date_gmt":"2023-11-01T12:57:02","guid":{"rendered":"https:\/\/www.luceos.be\/?page_id=111"},"modified":"2023-11-01T14:18:10","modified_gmt":"2023-11-01T13:18:10","slug":"sonotherapie","status":"publish","type":"page","link":"https:\/\/www.luceos.be\/index.php\/presentation\/sonotherapie\/","title":{"rendered":"Sonoth\u00e9rapie"},"content":{"rendered":"<p>[et_pb_section fb_built=&#8221;1&#8243; _builder_version=&#8221;4.17.4&#8243; _module_preset=&#8221;default&#8221; global_colors_info=&#8221;{}&#8221; theme_builder_area=&#8221;post_content&#8221;][et_pb_row _builder_version=&#8221;4.17.4&#8243; _module_preset=&#8221;default&#8221; global_colors_info=&#8221;{}&#8221; theme_builder_area=&#8221;post_content&#8221;][et_pb_column type=&#8221;4_4&#8243; _builder_version=&#8221;4.17.4&#8243; _module_preset=&#8221;default&#8221; global_colors_info=&#8221;{}&#8221; theme_builder_area=&#8221;post_content&#8221;][et_pb_text _builder_version=&#8221;4.17.4&#8243; _module_preset=&#8221;default&#8221; global_colors_info=&#8221;{}&#8221; theme_builder_area=&#8221;post_content&#8221;]<\/p>\n<h1 style=\"text-align: center;\"><strong>Sonoth\u00e9rapie<\/strong><\/h1>\n<p>[\/et_pb_text][\/et_pb_column][\/et_pb_row][et_pb_row column_structure=&#8221;3_5,2_5&#8243; _builder_version=&#8221;4.17.4&#8243; _module_preset=&#8221;default&#8221; global_colors_info=&#8221;{}&#8221; theme_builder_area=&#8221;post_content&#8221;][et_pb_column type=&#8221;3_5&#8243; _builder_version=&#8221;4.17.4&#8243; _module_preset=&#8221;default&#8221; global_colors_info=&#8221;{}&#8221; theme_builder_area=&#8221;post_content&#8221;][et_pb_text _builder_version=&#8221;4.17.4&#8243; _module_preset=&#8221;default&#8221; hover_enabled=&#8221;0&#8243; global_colors_info=&#8221;{}&#8221; theme_builder_area=&#8221;post_content&#8221; sticky_enabled=&#8221;0&#8243;]<\/p>\n<h3>Les vibrations pour harmoniser le corps et l&#8217;esprit<\/h3>\n<p>La sonoth\u00e9rapie est l&#8217;utilisation des sons et des vibrations pour harmoniser le corps et l&#8217;esprit. Elle repose sur le principe que tout est vibration dans l&#8217;univers, y compris nos cellules, nos organes et nos \u00e9motions. En \u00e9coutant ou en recevant des sons sp\u00e9cifiques, nous pouvons r\u00e9\u00e9quilibrer notre fr\u00e9quence vibratoire et favoriser notre bien-\u00eatre.<\/p>\n<h3>Des instruments qui apaisent et inspirent<\/h3>\n<p>La sonoth\u00e9rapie peut se pratiquer de diff\u00e9rentes mani\u00e8res. J&#8217;utilise divers instruments comme les bols tib\u00e9tains, les diapasons, les gongs ou les tambours. L&#8217;important est de choisir des sons qui nous font du bien, qui nous apaisent et qui nous inspirent.<\/p>\n<h3>Des bienfaits multiples<\/h3>\n<p>Elle permet de r\u00e9duire le stress, l&#8217;anxi\u00e9t\u00e9 et la d\u00e9pression. Elle am\u00e9liore le sommeil, la concentration et la m\u00e9moire. Elle stimule le syst\u00e8me immunitaire, la circulation sanguine et le m\u00e9tabolisme. Elle soulage les douleurs, les tensions et les inflammations. Elle favorise l&#8217;expression, la cr\u00e9ativit\u00e9 et la confiance en soi. Elle nous connecte \u00e0 notre essence, \u00e0 notre intuition et \u00e0 notre spiritualit\u00e9.<\/p>\n<h3>Venez essayer !<\/h3>\n<p>La sonoth\u00e9rapie est une pratique accessible \u00e0 tous, que l&#8217;on soit d\u00e9butant ou exp\u00e9riment\u00e9. Il suffit d&#8217;\u00e9couter son c\u0153ur, son corps et son \u00e2me, et de se laisser bercer par les sons qui nous font vibrer. Je vous invite \u00e0 essayer la sonoth\u00e9rapie d\u00e8s aujourd&#8217;hui et \u00e0 d\u00e9couvrir ses effets magiques sur votre sant\u00e9 et votre bonheur.<\/p>\n<p>[\/et_pb_text][\/et_pb_column][et_pb_column type=&#8221;2_5&#8243; _builder_version=&#8221;4.17.4&#8243; _module_preset=&#8221;default&#8221; global_colors_info=&#8221;{}&#8221; theme_builder_area=&#8221;post_content&#8221;][et_pb_image src=&#8221;http:\/\/www.luceos.be\/wp-content\/uploads\/2023\/11\/magic-bowls-b08FP4cLpFw-unsplash-scaled.jpg&#8221; title_text=&#8221;magic-bowls-b08FP4cLpFw-unsplash&#8221; _builder_version=&#8221;4.17.4&#8243; _module_preset=&#8221;default&#8221; hover_enabled=&#8221;0&#8243; global_colors_info=&#8221;{}&#8221; theme_builder_area=&#8221;post_content&#8221; sticky_enabled=&#8221;0&#8243;][\/et_pb_image][\/et_pb_column][\/et_pb_row][\/et_pb_section]<\/p>\n","protected":false},"excerpt":{"rendered":"<p>Sonoth\u00e9rapieLes vibrations pour harmoniser le corps et l&#8217;esprit La sonoth\u00e9rapie est l&#8217;utilisation des sons et des vibrations pour harmoniser le corps et l&#8217;esprit. Elle repose sur le principe que tout est vibration dans l&#8217;univers, y compris nos cellules, nos organes et nos \u00e9motions. En \u00e9coutant ou en recevant des sons sp\u00e9cifiques, nous pouvons r\u00e9\u00e9quilibrer notre [&hellip;]<\/p>\n","protected":false},"author":1,"featured_media":0,"parent":96,"menu_order":0,"comment_status":"closed","ping_status":"closed","template":"","meta":{"_et_pb_use_builder":"on","_et_pb_old_content":"","_et_gb_content_width":"","footnotes":""},"class_list":["post-111","page","type-page","status-publish","hentry"],"yoast_head":"<!-- This site is optimized with the Yoast SEO plugin v21.5 - https:\/\/yoast.com\/wordpress\/plugins\/seo\/ -->\n<title>Sonoth\u00e9rapie - Soins holistiques \u00e0 Bierges: r\u00e9flexologie, coaching, sonoth\u00e9rapie, acmos<\/title>\n<meta name=\"robots\" content=\"index, follow, max-snippet:-1, max-image-preview:large, max-video-preview:-1\" \/>\n<link rel=\"canonical\" href=\"https:\/\/www.luceos.be\/index.php\/presentation\/sonotherapie\/\" \/>\n<meta property=\"og:locale\" content=\"en_US\" \/>\n<meta property=\"og:type\" content=\"article\" \/>\n<meta property=\"og:title\" content=\"Sonoth\u00e9rapie - Soins holistiques \u00e0 Bierges: r\u00e9flexologie, coaching, sonoth\u00e9rapie, acmos\" \/>\n<meta property=\"og:description\" content=\"Sonoth\u00e9rapieLes vibrations pour harmoniser le corps et l&#039;esprit La sonoth\u00e9rapie est l&#039;utilisation des sons et des vibrations pour harmoniser le corps et l&#039;esprit. Elle repose sur le principe que tout est vibration dans l&#039;univers, y compris nos cellules, nos organes et nos \u00e9motions. En \u00e9coutant ou en recevant des sons sp\u00e9cifiques, nous pouvons r\u00e9\u00e9quilibrer notre [&hellip;]\" \/>\n<meta property=\"og:url\" content=\"https:\/\/www.luceos.be\/index.php\/presentation\/sonotherapie\/\" \/>\n<meta property=\"og:site_name\" content=\"Soins holistiques \u00e0 Bierges: r\u00e9flexologie, coaching, sonoth\u00e9rapie, acmos\" \/>\n<meta property=\"article:modified_time\" content=\"2023-11-01T13:18:10+00:00\" \/>\n<meta name=\"twitter:card\" content=\"summary_large_image\" \/>\n<script type=\"application\/ld+json\" class=\"yoast-schema-graph\">{\"@context\":\"https:\/\/schema.org\",\"@graph\":[{\"@type\":\"WebPage\",\"@id\":\"https:\/\/www.luceos.be\/index.php\/presentation\/sonotherapie\/\",\"url\":\"https:\/\/www.luceos.be\/index.php\/presentation\/sonotherapie\/\",\"name\":\"Sonoth\u00e9rapie - Soins holistiques \u00e0 Bierges: r\u00e9flexologie, coaching, sonoth\u00e9rapie, acmos\",\"isPartOf\":{\"@id\":\"https:\/\/www.luceos.be\/#website\"},\"datePublished\":\"2023-11-01T12:57:02+00:00\",\"dateModified\":\"2023-11-01T13:18:10+00:00\",\"breadcrumb\":{\"@id\":\"https:\/\/www.luceos.be\/index.php\/presentation\/sonotherapie\/#breadcrumb\"},\"inLanguage\":\"en-US\",\"potentialAction\":[{\"@type\":\"ReadAction\",\"target\":[\"https:\/\/www.luceos.be\/index.php\/presentation\/sonotherapie\/\"]}]},{\"@type\":\"BreadcrumbList\",\"@id\":\"https:\/\/www.luceos.be\/index.php\/presentation\/sonotherapie\/#breadcrumb\",\"itemListElement\":[{\"@type\":\"ListItem\",\"position\":1,\"name\":\"Home\",\"item\":\"https:\/\/www.luceos.be\/\"},{\"@type\":\"ListItem\",\"position\":2,\"name\":\"Pr\u00e9sentation\",\"item\":\"https:\/\/www.luceos.be\/\"},{\"@type\":\"ListItem\",\"position\":3,\"name\":\"Sonoth\u00e9rapie\"}]},{\"@type\":\"WebSite\",\"@id\":\"https:\/\/www.luceos.be\/#website\",\"url\":\"https:\/\/www.luceos.be\/\",\"name\":\"Soins holistiques \u00e0 Bierges: r\u00e9flexologie, coaching, sonoth\u00e9rapie, acmos\",\"description\":\"Luceos, votre centre de soins \u00e9nerg\u00e9tiques \u00e0 Wavre. Equilibrez vos \u00e9nergies par le massage initiatique\u00ae ou la R\u00e9flexologie plantaire.\",\"potentialAction\":[{\"@type\":\"SearchAction\",\"target\":{\"@type\":\"EntryPoint\",\"urlTemplate\":\"https:\/\/www.luceos.be\/?s={search_term_string}\"},\"query-input\":\"required name=search_term_string\"}],\"inLanguage\":\"en-US\"}]}<\/script>\n<!-- \/ Yoast SEO plugin. -->","yoast_head_json":{"title":"Sonoth\u00e9rapie - Soins holistiques \u00e0 Bierges: r\u00e9flexologie, coaching, sonoth\u00e9rapie, acmos","robots":{"index":"index","follow":"follow","max-snippet":"max-snippet:-1","max-image-preview":"max-image-preview:large","max-video-preview":"max-video-preview:-1"},"canonical":"https:\/\/www.luceos.be\/index.php\/presentation\/sonotherapie\/","og_locale":"en_US","og_type":"article","og_title":"Sonoth\u00e9rapie - Soins holistiques \u00e0 Bierges: r\u00e9flexologie, coaching, sonoth\u00e9rapie, acmos","og_description":"Sonoth\u00e9rapieLes vibrations pour harmoniser le corps et l'esprit La sonoth\u00e9rapie est l'utilisation des sons et des vibrations pour harmoniser le corps et l'esprit. Elle repose sur le principe que tout est vibration dans l'univers, y compris nos cellules, nos organes et nos \u00e9motions. En \u00e9coutant ou en recevant des sons sp\u00e9cifiques, nous pouvons r\u00e9\u00e9quilibrer notre [&hellip;]","og_url":"https:\/\/www.luceos.be\/index.php\/presentation\/sonotherapie\/","og_site_name":"Soins holistiques \u00e0 Bierges: r\u00e9flexologie, coaching, sonoth\u00e9rapie, acmos","article_modified_time":"2023-11-01T13:18:10+00:00","twitter_card":"summary_large_image","schema":{"@context":"https:\/\/schema.org","@graph":[{"@type":"WebPage","@id":"https:\/\/www.luceos.be\/index.php\/presentation\/sonotherapie\/","url":"https:\/\/www.luceos.be\/index.php\/presentation\/sonotherapie\/","name":"Sonoth\u00e9rapie - Soins holistiques \u00e0 Bierges: r\u00e9flexologie, coaching, sonoth\u00e9rapie, acmos","isPartOf":{"@id":"https:\/\/www.luceos.be\/#website"},"datePublished":"2023-11-01T12:57:02+00:00","dateModified":"2023-11-01T13:18:10+00:00","breadcrumb":{"@id":"https:\/\/www.luceos.be\/index.php\/presentation\/sonotherapie\/#breadcrumb"},"inLanguage":"en-US","potentialAction":[{"@type":"ReadAction","target":["https:\/\/www.luceos.be\/index.php\/presentation\/sonotherapie\/"]}]},{"@type":"BreadcrumbList","@id":"https:\/\/www.luceos.be\/index.php\/presentation\/sonotherapie\/#breadcrumb","itemListElement":[{"@type":"ListItem","position":1,"name":"Home","item":"https:\/\/www.luceos.be\/"},{"@type":"ListItem","position":2,"name":"Pr\u00e9sentation","item":"https:\/\/www.luceos.be\/"},{"@type":"ListItem","position":3,"name":"Sonoth\u00e9rapie"}]},{"@type":"WebSite","@id":"https:\/\/www.luceos.be\/#website","url":"https:\/\/www.luceos.be\/","name":"Soins holistiques \u00e0 Bierges: r\u00e9flexologie, coaching, sonoth\u00e9rapie, acmos","description":"Luceos, votre centre de soins \u00e9nerg\u00e9tiques \u00e0 Wavre. Equilibrez vos \u00e9nergies par le massage initiatique\u00ae ou la R\u00e9flexologie plantaire.","potentialAction":[{"@type":"SearchAction","target":{"@type":"EntryPoint","urlTemplate":"https:\/\/www.luceos.be\/?s={search_term_string}"},"query-input":"required name=search_term_string"}],"inLanguage":"en-US"}]}},"_links":{"self":[{"href":"https:\/\/www.luceos.be\/index.php\/wp-json\/wp\/v2\/pages\/111","targetHints":{"allow":["GET"]}}],"collection":[{"href":"https:\/\/www.luceos.be\/index.php\/wp-json\/wp\/v2\/pages"}],"about":[{"href":"https:\/\/www.luceos.be\/index.php\/wp-json\/wp\/v2\/types\/page"}],"author":[{"embeddable":true,"href":"https:\/\/www.luceos.be\/index.php\/wp-json\/wp\/v2\/users\/1"}],"replies":[{"embeddable":true,"href":"https:\/\/www.luceos.be\/index.php\/wp-json\/wp\/v2\/comments?post=111"}],"version-history":[{"count":2,"href":"https:\/\/www.luceos.be\/index.php\/wp-json\/wp\/v2\/pages\/111\/revisions"}],"predecessor-version":[{"id":115,"href":"https:\/\/www.luceos.be\/index.php\/wp-json\/wp\/v2\/pages\/111\/revisions\/115"}],"up":[{"embeddable":true,"href":"https:\/\/www.luceos.be\/index.php\/wp-json\/wp\/v2\/pages\/96"}],"wp:attachment":[{"href":"https:\/\/www.luceos.be\/index.php\/wp-json\/wp\/v2\/media?parent=111"}],"curies":[{"name":"wp","href":"https:\/\/api.w.org\/{rel}","templated":true}]}}