{"id":116,"date":"2023-11-01T14:13:23","date_gmt":"2023-11-01T13:13:23","guid":{"rendered":"https:\/\/www.luceos.be\/?page_id=116"},"modified":"2023-11-01T14:18:26","modified_gmt":"2023-11-01T13:18:26","slug":"bioenergie-acmos","status":"publish","type":"page","link":"https:\/\/www.luceos.be\/index.php\/presentation\/bioenergie-acmos\/","title":{"rendered":"Bio\u00e9nergie Acmos"},"content":{"rendered":"<p>[et_pb_section fb_built=&#8221;1&#8243; _builder_version=&#8221;4.17.4&#8243; _module_preset=&#8221;default&#8221; hover_enabled=&#8221;0&#8243; global_colors_info=&#8221;{}&#8221; theme_builder_area=&#8221;post_content&#8221; sticky_enabled=&#8221;0&#8243;][et_pb_row _builder_version=&#8221;4.17.4&#8243; _module_preset=&#8221;default&#8221; global_colors_info=&#8221;{}&#8221; theme_builder_area=&#8221;post_content&#8221;][et_pb_column type=&#8221;4_4&#8243; _builder_version=&#8221;4.17.4&#8243; _module_preset=&#8221;default&#8221; global_colors_info=&#8221;{}&#8221; theme_builder_area=&#8221;post_content&#8221;][et_pb_text _builder_version=&#8221;4.17.4&#8243; _module_preset=&#8221;default&#8221; global_colors_info=&#8221;{}&#8221; theme_builder_area=&#8221;post_content&#8221;]<\/p>\n<h1 style=\"text-align: center;\"><strong>Bio\u00e9nergie ACMOS<\/strong><\/h1>\n<p>[\/et_pb_text][\/et_pb_column][\/et_pb_row][et_pb_row column_structure=&#8221;3_5,2_5&#8243; _builder_version=&#8221;4.17.4&#8243; _module_preset=&#8221;default&#8221; global_colors_info=&#8221;{}&#8221; theme_builder_area=&#8221;post_content&#8221;][et_pb_column type=&#8221;3_5&#8243; _builder_version=&#8221;4.17.4&#8243; _module_preset=&#8221;default&#8221; global_colors_info=&#8221;{}&#8221; theme_builder_area=&#8221;post_content&#8221;][et_pb_text _builder_version=&#8221;4.17.4&#8243; _module_preset=&#8221;default&#8221; hover_enabled=&#8221;0&#8243; global_colors_info=&#8221;{}&#8221; theme_builder_area=&#8221;post_content&#8221; sticky_enabled=&#8221;0&#8243;]<\/p>\n<h3>Une m\u00e9thode bas\u00e9e sur la m\u00e9decine \u00e9nerg\u00e9tique chinoise<\/h3>\n<p>La bio\u00e9nergie ACMOS est bas\u00e9e sur la m\u00e9decine \u00e9nerg\u00e9tique chinoise. Elle utilise des appareils de pointe pour mesurer et harmoniser les flux d&#8217;\u00e9nergie du corps. Elle d\u00e9tecte les blocages et les perturbations qui affectent notre sant\u00e9 et notre bien-\u00eatre.<\/p>\n<h3>Des bienfaits multiples<\/h3>\n<p>La bio\u00e9nergie ACMOS agit sur plusieurs niveaux :<\/p>\n<p>&#8211; Elle r\u00e9tablit la communication entre les cellules, les organes et les syst\u00e8mes du corps.<br \/>&#8211; Elle renforce le syst\u00e8me immunitaire et la capacit\u00e9 d&#8217;auto-gu\u00e9rison du corps.<br \/>&#8211; Elle lib\u00e8re les tensions physiques, \u00e9motionnelles et mentales.<br \/>&#8211; Elle stimule la vitalit\u00e9, la cr\u00e9ativit\u00e9 et la joie de vivre.<\/p>\n<p>La bio\u00e9nergie ACMOS s&#8217;adapte \u00e0 chaque personne et \u00e0 chaque situation. Elle respecte le rythme et les besoins de chacun. Elle est compatible avec tout autre traitement m\u00e9dical ou th\u00e9rapeutique.<\/p>\n<p>La bio\u00e9nergie ACMOS se pratique en s\u00e9ance individuelle ou en atelier collectif. Elle peut \u00eatre compl\u00e9t\u00e9e par des produits naturels qui prolongent ses effets.\u00a0<\/p>\n<p>La bio\u00e9nergie ACMOS est une opportunit\u00e9 unique de prendre soin de soi et de se reconnecter \u00e0 sa v\u00e9ritable nature.<\/p>\n<p>[\/et_pb_text][\/et_pb_column][et_pb_column type=&#8221;2_5&#8243; _builder_version=&#8221;4.17.4&#8243; _module_preset=&#8221;default&#8221; global_colors_info=&#8221;{}&#8221; theme_builder_area=&#8221;post_content&#8221;][et_pb_image src=&#8221;http:\/\/www.luceos.be\/wp-content\/uploads\/2023\/11\/20231101_140907-scaled.jpg&#8221; title_text=&#8221;RemasterDirector_1a5c03258&#8243; _builder_version=&#8221;4.17.4&#8243; _module_preset=&#8221;default&#8221; hover_enabled=&#8221;0&#8243; global_colors_info=&#8221;{}&#8221; theme_builder_area=&#8221;post_content&#8221; sticky_enabled=&#8221;0&#8243;][\/et_pb_image][\/et_pb_column][\/et_pb_row][\/et_pb_section]<\/p>\n","protected":false},"excerpt":{"rendered":"<p>Bio\u00e9nergie ACMOSUne m\u00e9thode bas\u00e9e sur la m\u00e9decine \u00e9nerg\u00e9tique chinoise La bio\u00e9nergie ACMOS est bas\u00e9e sur la m\u00e9decine \u00e9nerg\u00e9tique chinoise. Elle utilise des appareils de pointe pour mesurer et harmoniser les flux d&#8217;\u00e9nergie du corps. Elle d\u00e9tecte les blocages et les perturbations qui affectent notre sant\u00e9 et notre bien-\u00eatre. Des bienfaits multiples La bio\u00e9nergie ACMOS agit [&hellip;]<\/p>\n","protected":false},"author":1,"featured_media":0,"parent":96,"menu_order":0,"comment_status":"closed","ping_status":"closed","template":"","meta":{"_et_pb_use_builder":"on","_et_pb_old_content":"","_et_gb_content_width":"","footnotes":""},"class_list":["post-116","page","type-page","status-publish","hentry"],"yoast_head":"<!-- This site is optimized with the Yoast SEO plugin v21.5 - https:\/\/yoast.com\/wordpress\/plugins\/seo\/ -->\n<title>Bio\u00e9nergie Acmos - Soins holistiques \u00e0 Bierges: r\u00e9flexologie, coaching, sonoth\u00e9rapie, acmos<\/title>\n<meta name=\"robots\" content=\"index, follow, max-snippet:-1, max-image-preview:large, max-video-preview:-1\" \/>\n<link rel=\"canonical\" href=\"https:\/\/www.luceos.be\/index.php\/presentation\/bioenergie-acmos\/\" \/>\n<meta property=\"og:locale\" content=\"en_US\" \/>\n<meta property=\"og:type\" content=\"article\" \/>\n<meta property=\"og:title\" content=\"Bio\u00e9nergie Acmos - Soins holistiques \u00e0 Bierges: r\u00e9flexologie, coaching, sonoth\u00e9rapie, acmos\" \/>\n<meta property=\"og:description\" content=\"Bio\u00e9nergie ACMOSUne m\u00e9thode bas\u00e9e sur la m\u00e9decine \u00e9nerg\u00e9tique chinoise La bio\u00e9nergie ACMOS est bas\u00e9e sur la m\u00e9decine \u00e9nerg\u00e9tique chinoise. Elle utilise des appareils de pointe pour mesurer et harmoniser les flux d&#039;\u00e9nergie du corps. Elle d\u00e9tecte les blocages et les perturbations qui affectent notre sant\u00e9 et notre bien-\u00eatre. Des bienfaits multiples La bio\u00e9nergie ACMOS agit [&hellip;]\" \/>\n<meta property=\"og:url\" content=\"https:\/\/www.luceos.be\/index.php\/presentation\/bioenergie-acmos\/\" \/>\n<meta property=\"og:site_name\" content=\"Soins holistiques \u00e0 Bierges: r\u00e9flexologie, coaching, sonoth\u00e9rapie, acmos\" \/>\n<meta property=\"article:modified_time\" content=\"2023-11-01T13:18:26+00:00\" \/>\n<meta name=\"twitter:card\" content=\"summary_large_image\" \/>\n<script type=\"application\/ld+json\" class=\"yoast-schema-graph\">{\"@context\":\"https:\/\/schema.org\",\"@graph\":[{\"@type\":\"WebPage\",\"@id\":\"https:\/\/www.luceos.be\/index.php\/presentation\/bioenergie-acmos\/\",\"url\":\"https:\/\/www.luceos.be\/index.php\/presentation\/bioenergie-acmos\/\",\"name\":\"Bio\u00e9nergie Acmos - Soins holistiques \u00e0 Bierges: r\u00e9flexologie, coaching, sonoth\u00e9rapie, acmos\",\"isPartOf\":{\"@id\":\"https:\/\/www.luceos.be\/#website\"},\"datePublished\":\"2023-11-01T13:13:23+00:00\",\"dateModified\":\"2023-11-01T13:18:26+00:00\",\"breadcrumb\":{\"@id\":\"https:\/\/www.luceos.be\/index.php\/presentation\/bioenergie-acmos\/#breadcrumb\"},\"inLanguage\":\"en-US\",\"potentialAction\":[{\"@type\":\"ReadAction\",\"target\":[\"https:\/\/www.luceos.be\/index.php\/presentation\/bioenergie-acmos\/\"]}]},{\"@type\":\"BreadcrumbList\",\"@id\":\"https:\/\/www.luceos.be\/index.php\/presentation\/bioenergie-acmos\/#breadcrumb\",\"itemListElement\":[{\"@type\":\"ListItem\",\"position\":1,\"name\":\"Home\",\"item\":\"https:\/\/www.luceos.be\/\"},{\"@type\":\"ListItem\",\"position\":2,\"name\":\"Pr\u00e9sentation\",\"item\":\"https:\/\/www.luceos.be\/\"},{\"@type\":\"ListItem\",\"position\":3,\"name\":\"Bio\u00e9nergie Acmos\"}]},{\"@type\":\"WebSite\",\"@id\":\"https:\/\/www.luceos.be\/#website\",\"url\":\"https:\/\/www.luceos.be\/\",\"name\":\"Soins holistiques \u00e0 Bierges: r\u00e9flexologie, coaching, sonoth\u00e9rapie, acmos\",\"description\":\"Luceos, votre centre de soins \u00e9nerg\u00e9tiques \u00e0 Wavre. Equilibrez vos \u00e9nergies par le massage initiatique\u00ae ou la R\u00e9flexologie plantaire.\",\"potentialAction\":[{\"@type\":\"SearchAction\",\"target\":{\"@type\":\"EntryPoint\",\"urlTemplate\":\"https:\/\/www.luceos.be\/?s={search_term_string}\"},\"query-input\":\"required name=search_term_string\"}],\"inLanguage\":\"en-US\"}]}<\/script>\n<!-- \/ Yoast SEO plugin. -->","yoast_head_json":{"title":"Bio\u00e9nergie Acmos - Soins holistiques \u00e0 Bierges: r\u00e9flexologie, coaching, sonoth\u00e9rapie, acmos","robots":{"index":"index","follow":"follow","max-snippet":"max-snippet:-1","max-image-preview":"max-image-preview:large","max-video-preview":"max-video-preview:-1"},"canonical":"https:\/\/www.luceos.be\/index.php\/presentation\/bioenergie-acmos\/","og_locale":"en_US","og_type":"article","og_title":"Bio\u00e9nergie Acmos - Soins holistiques \u00e0 Bierges: r\u00e9flexologie, coaching, sonoth\u00e9rapie, acmos","og_description":"Bio\u00e9nergie ACMOSUne m\u00e9thode bas\u00e9e sur la m\u00e9decine \u00e9nerg\u00e9tique chinoise La bio\u00e9nergie ACMOS est bas\u00e9e sur la m\u00e9decine \u00e9nerg\u00e9tique chinoise. Elle utilise des appareils de pointe pour mesurer et harmoniser les flux d'\u00e9nergie du corps. Elle d\u00e9tecte les blocages et les perturbations qui affectent notre sant\u00e9 et notre bien-\u00eatre. Des bienfaits multiples La bio\u00e9nergie ACMOS agit [&hellip;]","og_url":"https:\/\/www.luceos.be\/index.php\/presentation\/bioenergie-acmos\/","og_site_name":"Soins holistiques \u00e0 Bierges: r\u00e9flexologie, coaching, sonoth\u00e9rapie, acmos","article_modified_time":"2023-11-01T13:18:26+00:00","twitter_card":"summary_large_image","schema":{"@context":"https:\/\/schema.org","@graph":[{"@type":"WebPage","@id":"https:\/\/www.luceos.be\/index.php\/presentation\/bioenergie-acmos\/","url":"https:\/\/www.luceos.be\/index.php\/presentation\/bioenergie-acmos\/","name":"Bio\u00e9nergie Acmos - Soins holistiques \u00e0 Bierges: r\u00e9flexologie, coaching, sonoth\u00e9rapie, acmos","isPartOf":{"@id":"https:\/\/www.luceos.be\/#website"},"datePublished":"2023-11-01T13:13:23+00:00","dateModified":"2023-11-01T13:18:26+00:00","breadcrumb":{"@id":"https:\/\/www.luceos.be\/index.php\/presentation\/bioenergie-acmos\/#breadcrumb"},"inLanguage":"en-US","potentialAction":[{"@type":"ReadAction","target":["https:\/\/www.luceos.be\/index.php\/presentation\/bioenergie-acmos\/"]}]},{"@type":"BreadcrumbList","@id":"https:\/\/www.luceos.be\/index.php\/presentation\/bioenergie-acmos\/#breadcrumb","itemListElement":[{"@type":"ListItem","position":1,"name":"Home","item":"https:\/\/www.luceos.be\/"},{"@type":"ListItem","position":2,"name":"Pr\u00e9sentation","item":"https:\/\/www.luceos.be\/"},{"@type":"ListItem","position":3,"name":"Bio\u00e9nergie Acmos"}]},{"@type":"WebSite","@id":"https:\/\/www.luceos.be\/#website","url":"https:\/\/www.luceos.be\/","name":"Soins holistiques \u00e0 Bierges: r\u00e9flexologie, coaching, sonoth\u00e9rapie, acmos","description":"Luceos, votre centre de soins \u00e9nerg\u00e9tiques \u00e0 Wavre. Equilibrez vos \u00e9nergies par le massage initiatique\u00ae ou la R\u00e9flexologie plantaire.","potentialAction":[{"@type":"SearchAction","target":{"@type":"EntryPoint","urlTemplate":"https:\/\/www.luceos.be\/?s={search_term_string}"},"query-input":"required name=search_term_string"}],"inLanguage":"en-US"}]}},"_links":{"self":[{"href":"https:\/\/www.luceos.be\/index.php\/wp-json\/wp\/v2\/pages\/116","targetHints":{"allow":["GET"]}}],"collection":[{"href":"https:\/\/www.luceos.be\/index.php\/wp-json\/wp\/v2\/pages"}],"about":[{"href":"https:\/\/www.luceos.be\/index.php\/wp-json\/wp\/v2\/types\/page"}],"author":[{"embeddable":true,"href":"https:\/\/www.luceos.be\/index.php\/wp-json\/wp\/v2\/users\/1"}],"replies":[{"embeddable":true,"href":"https:\/\/www.luceos.be\/index.php\/wp-json\/wp\/v2\/comments?post=116"}],"version-history":[{"count":3,"href":"https:\/\/www.luceos.be\/index.php\/wp-json\/wp\/v2\/pages\/116\/revisions"}],"predecessor-version":[{"id":121,"href":"https:\/\/www.luceos.be\/index.php\/wp-json\/wp\/v2\/pages\/116\/revisions\/121"}],"up":[{"embeddable":true,"href":"https:\/\/www.luceos.be\/index.php\/wp-json\/wp\/v2\/pages\/96"}],"wp:attachment":[{"href":"https:\/\/www.luceos.be\/index.php\/wp-json\/wp\/v2\/media?parent=116"}],"curies":[{"name":"wp","href":"https:\/\/api.w.org\/{rel}","templated":true}]}}