{"id":96,"date":"2023-11-01T13:24:14","date_gmt":"2023-11-01T12:24:14","guid":{"rendered":"https:\/\/www.luceos.be\/?page_id=96"},"modified":"2023-11-02T20:09:18","modified_gmt":"2023-11-02T19:09:18","slug":"presentation","status":"publish","type":"page","link":"https:\/\/www.luceos.be\/","title":{"rendered":"Pr\u00e9sentation"},"content":{"rendered":"<p>[et_pb_section fb_built=&#8221;1&#8243; _builder_version=&#8221;4.17.4&#8243; _module_preset=&#8221;default&#8221; global_colors_info=&#8221;{}&#8221;][et_pb_row _builder_version=&#8221;4.17.4&#8243; _module_preset=&#8221;default&#8221; global_colors_info=&#8221;{}&#8221;][et_pb_column type=&#8221;4_4&#8243; _builder_version=&#8221;4.17.4&#8243; _module_preset=&#8221;default&#8221; global_colors_info=&#8221;{}&#8221;][et_pb_text _builder_version=&#8221;4.17.4&#8243; _module_preset=&#8221;default&#8221; hover_enabled=&#8221;0&#8243; global_colors_info=&#8221;{}&#8221; sticky_enabled=&#8221;0&#8243;]<\/p>\n<h2 style=\"text-align: center;\"><strong>\u00c9coutez votre corps, ressentez l\u2019\u00e9nergie, transformez votre vie.<\/strong><\/h2>\n<p>[\/et_pb_text][\/et_pb_column][\/et_pb_row][et_pb_row column_structure=&#8221;3_5,2_5&#8243; _builder_version=&#8221;4.17.4&#8243; _module_preset=&#8221;default&#8221; global_colors_info=&#8221;{}&#8221;][et_pb_column type=&#8221;3_5&#8243; _builder_version=&#8221;4.17.4&#8243; _module_preset=&#8221;default&#8221; global_colors_info=&#8221;{}&#8221;][et_pb_text _builder_version=&#8221;4.17.4&#8243; _module_preset=&#8221;default&#8221; global_colors_info=&#8221;{}&#8221;]<\/p>\n<p>Vous cherchez \u00e0 vous \u00e9panouir pleinement ? <br \/>D\u00e9couvrez notre approche holistique du d\u00e9veloppement personnel.<\/p>\n<p>Nous vous proposons des services vari\u00e9s et adapt\u00e9s \u00e0 vos besoins : r\u00e9flexologie plantaire, massage, coaching individuel, sonoth\u00e9rapie, bio\u00e9nergie, et bien plus encore. Avec nous, vous b\u00e9n\u00e9ficiez d&#8217;un accompagnement global et d&#8217;une \u00e9coute attentive.<\/p>\n<p>Contactez-nous d\u00e8s aujourd&#8217;hui et prenez rendez-vous pour une s\u00e9ance d\u00e9couverte !<\/p>\n<p>[\/et_pb_text][\/et_pb_column][et_pb_column type=&#8221;2_5&#8243; _builder_version=&#8221;4.17.4&#8243; _module_preset=&#8221;default&#8221; global_colors_info=&#8221;{}&#8221;][et_pb_image src=&#8221;http:\/\/www.luceos.be\/wp-content\/uploads\/2022\/06\/2021_11_20_deLaunoisFamily-97-2.jpg&#8221; title_text=&#8221;2021_11_20_deLaunoisFamily-97-2&#8243; _builder_version=&#8221;4.17.4&#8243; _module_preset=&#8221;default&#8221; global_colors_info=&#8221;{}&#8221;][\/et_pb_image][\/et_pb_column][\/et_pb_row][et_pb_row column_structure=&#8221;1_4,1_4,1_4,1_4&#8243; _builder_version=&#8221;4.17.4&#8243; _module_preset=&#8221;default&#8221; global_colors_info=&#8221;{}&#8221;][et_pb_column type=&#8221;1_4&#8243; _builder_version=&#8221;4.17.4&#8243; _module_preset=&#8221;default&#8221; global_colors_info=&#8221;{}&#8221;][et_pb_button button_text=&#8221;R\u00e9flexologie&#8221; _builder_version=&#8221;4.17.4&#8243; _module_preset=&#8221;default&#8221; custom_button=&#8221;on&#8221; button_text_size=&#8221;27px&#8221; button_border_color=&#8221;#12876F&#8221; hover_enabled=&#8221;0&#8243; sticky_enabled=&#8221;0&#8243; box_shadow_style=&#8221;preset2&#8243; button_border_radius=&#8221;6px&#8221; button_icon=&#8221;&#x49;||divi||400&#8243; button_url=&#8221;@ET-DC@eyJkeW5hbWljIjp0cnVlLCJjb250ZW50IjoicG9zdF9saW5rX3VybF9wYWdlIiwic2V0dGluZ3MiOnsicG9zdF9pZCI6IjEwMyJ9fQ==@&#8221; _dynamic_attributes=&#8221;button_url&#8221; button_alignment=&#8221;center&#8221;][\/et_pb_button][\/et_pb_column][et_pb_column _builder_version=&#8221;4.17.4&#8243; _module_preset=&#8221;default&#8221; type=&#8221;1_4&#8243;][et_pb_button button_text=&#8221;Coaching&#8221; _builder_version=&#8221;4.17.4&#8243; _module_preset=&#8221;default&#8221; custom_button=&#8221;on&#8221; button_text_size=&#8221;27px&#8221; button_border_color=&#8221;#12876F&#8221; hover_enabled=&#8221;0&#8243; sticky_enabled=&#8221;0&#8243; box_shadow_style=&#8221;preset2&#8243; button_border_radius=&#8221;6px&#8221; button_icon=&#8221;&#x49;||divi||400&#8243; button_url=&#8221;@ET-DC@eyJkeW5hbWljIjp0cnVlLCJjb250ZW50IjoicG9zdF9saW5rX3VybF9wYWdlIiwic2V0dGluZ3MiOnsicG9zdF9pZCI6IjEwOCJ9fQ==@&#8221; _dynamic_attributes=&#8221;button_url&#8221; button_alignment=&#8221;center&#8221;][\/et_pb_button][\/et_pb_column][et_pb_column type=&#8221;1_4&#8243; _builder_version=&#8221;4.17.4&#8243; _module_preset=&#8221;default&#8221; global_colors_info=&#8221;{}&#8221;][et_pb_button button_text=&#8221;Sonoth\u00e9rapie&#8221; _builder_version=&#8221;4.17.4&#8243; _module_preset=&#8221;default&#8221; custom_button=&#8221;on&#8221; button_text_size=&#8221;27px&#8221; button_border_color=&#8221;#12876F&#8221; hover_enabled=&#8221;0&#8243; sticky_enabled=&#8221;0&#8243; box_shadow_style=&#8221;preset2&#8243; button_border_radius=&#8221;6px&#8221; button_icon=&#8221;&#x49;||divi||400&#8243; button_url=&#8221;@ET-DC@eyJkeW5hbWljIjp0cnVlLCJjb250ZW50IjoicG9zdF9saW5rX3VybF9wYWdlIiwic2V0dGluZ3MiOnsicG9zdF9pZCI6IjExMSJ9fQ==@&#8221; _dynamic_attributes=&#8221;button_url&#8221; button_alignment=&#8221;center&#8221;][\/et_pb_button][\/et_pb_column][et_pb_column type=&#8221;1_4&#8243; _builder_version=&#8221;4.17.4&#8243; _module_preset=&#8221;default&#8221; global_colors_info=&#8221;{}&#8221;][et_pb_button button_text=&#8221;Bio\u00e9nergie&#8221; _builder_version=&#8221;4.17.4&#8243; _module_preset=&#8221;default&#8221; custom_button=&#8221;on&#8221; button_text_size=&#8221;27px&#8221; button_border_color=&#8221;#12876F&#8221; hover_enabled=&#8221;0&#8243; sticky_enabled=&#8221;0&#8243; box_shadow_style=&#8221;preset2&#8243; button_border_radius=&#8221;6px&#8221; button_icon=&#8221;&#x49;||divi||400&#8243; button_url=&#8221;@ET-DC@eyJkeW5hbWljIjp0cnVlLCJjb250ZW50IjoicG9zdF9saW5rX3VybF9wYWdlIiwic2V0dGluZ3MiOnsicG9zdF9pZCI6IjExNiJ9fQ==@&#8221; _dynamic_attributes=&#8221;button_url&#8221; button_alignment=&#8221;center&#8221;][\/et_pb_button][\/et_pb_column][\/et_pb_row][\/et_pb_section]<\/p>\n","protected":false},"excerpt":{"rendered":"<p>\u00c9coutez votre corps, ressentez l\u2019\u00e9nergie, transformez votre vie.Vous cherchez \u00e0 vous \u00e9panouir pleinement ? D\u00e9couvrez notre approche holistique du d\u00e9veloppement personnel. Nous vous proposons des services vari\u00e9s et adapt\u00e9s \u00e0 vos besoins : r\u00e9flexologie plantaire, massage, coaching individuel, sonoth\u00e9rapie, bio\u00e9nergie, et bien plus encore. Avec nous, vous b\u00e9n\u00e9ficiez d&#8217;un accompagnement global et d&#8217;une \u00e9coute attentive. [&hellip;]<\/p>\n","protected":false},"author":1,"featured_media":0,"parent":0,"menu_order":0,"comment_status":"closed","ping_status":"closed","template":"","meta":{"_et_pb_use_builder":"on","_et_pb_old_content":"","_et_gb_content_width":"","footnotes":""},"class_list":["post-96","page","type-page","status-publish","hentry"],"yoast_head":"<!-- This site is optimized with the Yoast SEO plugin v21.5 - https:\/\/yoast.com\/wordpress\/plugins\/seo\/ -->\n<title>Pr\u00e9sentation - Soins holistiques \u00e0 Bierges: r\u00e9flexologie, coaching, sonoth\u00e9rapie, acmos<\/title>\n<meta name=\"robots\" content=\"index, follow, max-snippet:-1, max-image-preview:large, max-video-preview:-1\" \/>\n<link rel=\"canonical\" href=\"https:\/\/www.luceos.be\/\" \/>\n<meta property=\"og:locale\" content=\"en_US\" \/>\n<meta property=\"og:type\" content=\"article\" \/>\n<meta property=\"og:title\" content=\"Pr\u00e9sentation - Soins holistiques \u00e0 Bierges: r\u00e9flexologie, coaching, sonoth\u00e9rapie, acmos\" \/>\n<meta property=\"og:description\" content=\"\u00c9coutez votre corps, ressentez l\u2019\u00e9nergie, transformez votre vie.Vous cherchez \u00e0 vous \u00e9panouir pleinement ? D\u00e9couvrez notre approche holistique du d\u00e9veloppement personnel. Nous vous proposons des services vari\u00e9s et adapt\u00e9s \u00e0 vos besoins : r\u00e9flexologie plantaire, massage, coaching individuel, sonoth\u00e9rapie, bio\u00e9nergie, et bien plus encore. Avec nous, vous b\u00e9n\u00e9ficiez d&#039;un accompagnement global et d&#039;une \u00e9coute attentive. [&hellip;]\" \/>\n<meta property=\"og:url\" content=\"https:\/\/www.luceos.be\/\" \/>\n<meta property=\"og:site_name\" content=\"Soins holistiques \u00e0 Bierges: r\u00e9flexologie, coaching, sonoth\u00e9rapie, acmos\" \/>\n<meta property=\"article:modified_time\" content=\"2023-11-02T19:09:18+00:00\" \/>\n<meta name=\"twitter:card\" content=\"summary_large_image\" \/>\n<meta name=\"twitter:label1\" content=\"Est. reading time\" \/>\n\t<meta name=\"twitter:data1\" content=\"3 minutes\" \/>\n<script type=\"application\/ld+json\" class=\"yoast-schema-graph\">{\"@context\":\"https:\/\/schema.org\",\"@graph\":[{\"@type\":\"WebPage\",\"@id\":\"https:\/\/www.luceos.be\/\",\"url\":\"https:\/\/www.luceos.be\/\",\"name\":\"Pr\u00e9sentation - Soins holistiques \u00e0 Bierges: r\u00e9flexologie, coaching, sonoth\u00e9rapie, acmos\",\"isPartOf\":{\"@id\":\"https:\/\/www.luceos.be\/#website\"},\"datePublished\":\"2023-11-01T12:24:14+00:00\",\"dateModified\":\"2023-11-02T19:09:18+00:00\",\"breadcrumb\":{\"@id\":\"https:\/\/www.luceos.be\/#breadcrumb\"},\"inLanguage\":\"en-US\",\"potentialAction\":[{\"@type\":\"ReadAction\",\"target\":[\"https:\/\/www.luceos.be\/\"]}]},{\"@type\":\"BreadcrumbList\",\"@id\":\"https:\/\/www.luceos.be\/#breadcrumb\",\"itemListElement\":[{\"@type\":\"ListItem\",\"position\":1,\"name\":\"Home\",\"item\":\"https:\/\/www.luceos.be\/\"},{\"@type\":\"ListItem\",\"position\":2,\"name\":\"Pr\u00e9sentation\"}]},{\"@type\":\"WebSite\",\"@id\":\"https:\/\/www.luceos.be\/#website\",\"url\":\"https:\/\/www.luceos.be\/\",\"name\":\"Soins holistiques \u00e0 Bierges: r\u00e9flexologie, coaching, sonoth\u00e9rapie, acmos\",\"description\":\"Luceos, votre centre de soins \u00e9nerg\u00e9tiques \u00e0 Wavre. Equilibrez vos \u00e9nergies par le massage initiatique\u00ae ou la R\u00e9flexologie plantaire.\",\"potentialAction\":[{\"@type\":\"SearchAction\",\"target\":{\"@type\":\"EntryPoint\",\"urlTemplate\":\"https:\/\/www.luceos.be\/?s={search_term_string}\"},\"query-input\":\"required name=search_term_string\"}],\"inLanguage\":\"en-US\"}]}<\/script>\n<!-- \/ Yoast SEO plugin. -->","yoast_head_json":{"title":"Pr\u00e9sentation - Soins holistiques \u00e0 Bierges: r\u00e9flexologie, coaching, sonoth\u00e9rapie, acmos","robots":{"index":"index","follow":"follow","max-snippet":"max-snippet:-1","max-image-preview":"max-image-preview:large","max-video-preview":"max-video-preview:-1"},"canonical":"https:\/\/www.luceos.be\/","og_locale":"en_US","og_type":"article","og_title":"Pr\u00e9sentation - Soins holistiques \u00e0 Bierges: r\u00e9flexologie, coaching, sonoth\u00e9rapie, acmos","og_description":"\u00c9coutez votre corps, ressentez l\u2019\u00e9nergie, transformez votre vie.Vous cherchez \u00e0 vous \u00e9panouir pleinement ? D\u00e9couvrez notre approche holistique du d\u00e9veloppement personnel. Nous vous proposons des services vari\u00e9s et adapt\u00e9s \u00e0 vos besoins : r\u00e9flexologie plantaire, massage, coaching individuel, sonoth\u00e9rapie, bio\u00e9nergie, et bien plus encore. Avec nous, vous b\u00e9n\u00e9ficiez d'un accompagnement global et d'une \u00e9coute attentive. [&hellip;]","og_url":"https:\/\/www.luceos.be\/","og_site_name":"Soins holistiques \u00e0 Bierges: r\u00e9flexologie, coaching, sonoth\u00e9rapie, acmos","article_modified_time":"2023-11-02T19:09:18+00:00","twitter_card":"summary_large_image","twitter_misc":{"Est. reading time":"3 minutes"},"schema":{"@context":"https:\/\/schema.org","@graph":[{"@type":"WebPage","@id":"https:\/\/www.luceos.be\/","url":"https:\/\/www.luceos.be\/","name":"Pr\u00e9sentation - Soins holistiques \u00e0 Bierges: r\u00e9flexologie, coaching, sonoth\u00e9rapie, acmos","isPartOf":{"@id":"https:\/\/www.luceos.be\/#website"},"datePublished":"2023-11-01T12:24:14+00:00","dateModified":"2023-11-02T19:09:18+00:00","breadcrumb":{"@id":"https:\/\/www.luceos.be\/#breadcrumb"},"inLanguage":"en-US","potentialAction":[{"@type":"ReadAction","target":["https:\/\/www.luceos.be\/"]}]},{"@type":"BreadcrumbList","@id":"https:\/\/www.luceos.be\/#breadcrumb","itemListElement":[{"@type":"ListItem","position":1,"name":"Home","item":"https:\/\/www.luceos.be\/"},{"@type":"ListItem","position":2,"name":"Pr\u00e9sentation"}]},{"@type":"WebSite","@id":"https:\/\/www.luceos.be\/#website","url":"https:\/\/www.luceos.be\/","name":"Soins holistiques \u00e0 Bierges: r\u00e9flexologie, coaching, sonoth\u00e9rapie, acmos","description":"Luceos, votre centre de soins \u00e9nerg\u00e9tiques \u00e0 Wavre. Equilibrez vos \u00e9nergies par le massage initiatique\u00ae ou la R\u00e9flexologie plantaire.","potentialAction":[{"@type":"SearchAction","target":{"@type":"EntryPoint","urlTemplate":"https:\/\/www.luceos.be\/?s={search_term_string}"},"query-input":"required name=search_term_string"}],"inLanguage":"en-US"}]}},"_links":{"self":[{"href":"https:\/\/www.luceos.be\/index.php\/wp-json\/wp\/v2\/pages\/96","targetHints":{"allow":["GET"]}}],"collection":[{"href":"https:\/\/www.luceos.be\/index.php\/wp-json\/wp\/v2\/pages"}],"about":[{"href":"https:\/\/www.luceos.be\/index.php\/wp-json\/wp\/v2\/types\/page"}],"author":[{"embeddable":true,"href":"https:\/\/www.luceos.be\/index.php\/wp-json\/wp\/v2\/users\/1"}],"replies":[{"embeddable":true,"href":"https:\/\/www.luceos.be\/index.php\/wp-json\/wp\/v2\/comments?post=96"}],"version-history":[{"count":4,"href":"https:\/\/www.luceos.be\/index.php\/wp-json\/wp\/v2\/pages\/96\/revisions"}],"predecessor-version":[{"id":130,"href":"https:\/\/www.luceos.be\/index.php\/wp-json\/wp\/v2\/pages\/96\/revisions\/130"}],"wp:attachment":[{"href":"https:\/\/www.luceos.be\/index.php\/wp-json\/wp\/v2\/media?parent=96"}],"curies":[{"name":"wp","href":"https:\/\/api.w.org\/{rel}","templated":true}]}}